{"id":14801,"date":"2021-03-17T16:20:10","date_gmt":"2021-03-17T16:20:10","guid":{"rendered":"https:\/\/www.ctp.eu\/?page_id=14801"},"modified":"2025-11-06T11:48:08","modified_gmt":"2025-11-06T10:48:08","slug":"the-top-ten","status":"publish","type":"page","link":"https:\/\/ctp.eu\/cs\/the-top-ten\/","title":{"rendered":"Deset nejlep\u0161\u00edch park\u016f"},"content":{"rendered":"<h3><span style=\"font-size: 23px; font-weight: 400;\">Na\u0161ich 10 nejlep\u0161\u00edch park\u016f, kter\u00e9 tvo\u0159\u00ed 37% z 11,2 milionu metr\u016f \u010dtvere\u010dn\u00edch GLA (AuM) spole\u010dnosti CTP, je p\u0159\u00edkladem skute\u010dn\u00e9ho \u00e9tosu CTP Parkmaker. A\u010dkoli je ka\u017ed\u00fd park jedine\u010dn\u00fd a odpov\u00edd\u00e1 charakteristik\u00e1m regionu, v\u0161echny sd\u00edlej\u00ed kl\u00ed\u010dov\u00e9 faktory, kter\u00e9 je \u010din\u00ed \u00fasp\u011b\u0161n\u00fdmi. Stejn\u011b jako v\u0161echny na\u0161e parky se i The Top Ten t\u011b\u0161\u00ed strategick\u00e9 poloze, \"lidsky orientovan\u00fdm\" za\u0159\u00edzen\u00edm, kter\u00e9 vych\u00e1z\u00ed vst\u0159\u00edc zdrav\u00ed a pohod\u011b sv\u00fdch zam\u011bstnanc\u016f, jsou pln\u011b obsluhovan\u00fdmi za\u0159\u00edzen\u00edmi nejvy\u0161\u0161\u00ed kvality s n\u00edzk\u00fdm dopadem na \u017eivotn\u00ed prost\u0159ed\u00ed, vych\u00e1zej\u00edc\u00edmi z inovac\u00ed a p\u00e9\u010de. Ka\u017ed\u00fd park vych\u00e1z\u00ed z \u00fasp\u011bchu na\u0161ich klient\u016f - s jejich r\u016fstem rosteme i my. A oni rostou hodn\u011b. V\u00edce ne\u017e 80% na\u0161ich nov\u00fdch zak\u00e1zek poch\u00e1z\u00ed z na\u0161\u00ed s\u00edt\u011b v\u00edce ne\u017e 1 000 klient\u016f.<\/span><\/h3>","protected":false},"excerpt":{"rendered":"<p>Na\u0161ich 10 nejlep\u0161\u00edch park\u016f, kter\u00e9 tvo\u0159\u00ed 44% z 12,4 milion\u016f m2 GLA (AuM) CTP, je p\u0159\u00edkladem skute\u010dn\u00e9ho \u00e9tosu CTP Parkmaker.<\/p>","protected":false},"author":22,"featured_media":0,"parent":0,"menu_order":0,"comment_status":"closed","ping_status":"closed","template":"templates\/top-parks.php","meta":{"_acf_changed":false,"footnotes":""},"class_list":["post-14801","page","type-page","status-publish","hentry"],"acf":[],"yoast_head":"<title>The Top Ten Parks - Commercial Real Estate Developer And Manager<\/title>\n<meta name=\"robots\" content=\"index, follow, max-snippet:-1, max-image-preview:large, max-video-preview:-1\" \/>\n<link rel=\"canonical\" href=\"https:\/\/ctp.eu\/cs\/the-top-ten\/\" \/>\n<meta property=\"og:locale\" content=\"cs_CZ\" \/>\n<meta property=\"og:type\" content=\"article\" \/>\n<meta property=\"og:title\" content=\"The Top Ten Parks\" \/>\n<meta property=\"og:description\" content=\"Making up 44% of CTP\u2019s 12.4 million sqm GLA (AuM), our top 10 parks exemplify the true CTP Parkmaker ethos.\" \/>\n<meta property=\"og:url\" content=\"https:\/\/ctp.eu\/cs\/the-top-ten\/\" \/>\n<meta property=\"og:site_name\" content=\"Commercial Real Estate Developer And Manager\" \/>\n<meta property=\"article:modified_time\" content=\"2025-11-06T10:48:08+00:00\" \/>\n<meta name=\"twitter:card\" content=\"summary_large_image\" \/>\n<meta name=\"twitter:label1\" content=\"Odhadovan\u00e1 doba \u010dten\u00ed\" \/>\n\t<meta name=\"twitter:data1\" content=\"1 minuta\" \/>\n<script type=\"application\/ld+json\" class=\"yoast-schema-graph\">{\"@context\":\"https:\\\/\\\/schema.org\",\"@graph\":[{\"@type\":\"WebPage\",\"@id\":\"https:\\\/\\\/ctp.eu\\\/the-top-ten\\\/\",\"url\":\"https:\\\/\\\/ctp.eu\\\/the-top-ten\\\/\",\"name\":\"The Top Ten Parks - Commercial Real Estate Developer And Manager\",\"isPartOf\":{\"@id\":\"https:\\\/\\\/ctp.eu\\\/#website\"},\"datePublished\":\"2021-03-17T16:20:10+00:00\",\"dateModified\":\"2025-11-06T10:48:08+00:00\",\"breadcrumb\":{\"@id\":\"https:\\\/\\\/ctp.eu\\\/the-top-ten\\\/#breadcrumb\"},\"inLanguage\":\"cs\",\"potentialAction\":[{\"@type\":\"ReadAction\",\"target\":[\"https:\\\/\\\/ctp.eu\\\/the-top-ten\\\/\"]}]},{\"@type\":\"BreadcrumbList\",\"@id\":\"https:\\\/\\\/ctp.eu\\\/the-top-ten\\\/#breadcrumb\",\"itemListElement\":[{\"@type\":\"ListItem\",\"position\":1,\"name\":\"Home\",\"item\":\"https:\\\/\\\/ctp.eu\\\/\"},{\"@type\":\"ListItem\",\"position\":2,\"name\":\"The Top Ten Parks\"}]},{\"@type\":\"WebSite\",\"@id\":\"https:\\\/\\\/ctp.eu\\\/#website\",\"url\":\"https:\\\/\\\/ctp.eu\\\/\",\"name\":\"Commercial Real Estate Developer And Manager\",\"description\":\"CTP - premium industrial warehouse and office buildings\",\"publisher\":{\"@id\":\"https:\\\/\\\/ctp.eu\\\/#organization\"},\"potentialAction\":[{\"@type\":\"SearchAction\",\"target\":{\"@type\":\"EntryPoint\",\"urlTemplate\":\"https:\\\/\\\/ctp.eu\\\/?s={search_term_string}\"},\"query-input\":{\"@type\":\"PropertyValueSpecification\",\"valueRequired\":true,\"valueName\":\"search_term_string\"}}],\"inLanguage\":\"cs\"},{\"@type\":\"Organization\",\"@id\":\"https:\\\/\\\/ctp.eu\\\/#organization\",\"name\":\"CTP\",\"url\":\"https:\\\/\\\/ctp.eu\\\/\",\"logo\":{\"@type\":\"ImageObject\",\"inLanguage\":\"cs\",\"@id\":\"https:\\\/\\\/ctp.eu\\\/#\\\/schema\\\/logo\\\/image\\\/\",\"url\":\"\",\"contentUrl\":\"\",\"caption\":\"CTP\"},\"image\":{\"@id\":\"https:\\\/\\\/ctp.eu\\\/#\\\/schema\\\/logo\\\/image\\\/\"}}]}<\/script>","yoast_head_json":{"title":"Deset nejlep\u0161\u00edch park\u016f - developer a spr\u00e1vce komer\u010dn\u00edch nemovitost\u00ed","robots":{"index":"index","follow":"follow","max-snippet":"max-snippet:-1","max-image-preview":"max-image-preview:large","max-video-preview":"max-video-preview:-1"},"canonical":"https:\/\/ctp.eu\/cs\/the-top-ten\/","og_locale":"cs_CZ","og_type":"article","og_title":"The Top Ten Parks","og_description":"Making up 44% of CTP\u2019s 12.4 million sqm GLA (AuM), our top 10 parks exemplify the true CTP Parkmaker ethos.","og_url":"https:\/\/ctp.eu\/cs\/the-top-ten\/","og_site_name":"Commercial Real Estate Developer And Manager","article_modified_time":"2025-11-06T10:48:08+00:00","twitter_card":"summary_large_image","twitter_misc":{"Odhadovan\u00e1 doba \u010dten\u00ed":"1 minuta"},"schema":{"@context":"https:\/\/schema.org","@graph":[{"@type":"WebPage","@id":"https:\/\/ctp.eu\/the-top-ten\/","url":"https:\/\/ctp.eu\/the-top-ten\/","name":"Deset nejlep\u0161\u00edch park\u016f - developer a spr\u00e1vce komer\u010dn\u00edch nemovitost\u00ed","isPartOf":{"@id":"https:\/\/ctp.eu\/#website"},"datePublished":"2021-03-17T16:20:10+00:00","dateModified":"2025-11-06T10:48:08+00:00","breadcrumb":{"@id":"https:\/\/ctp.eu\/the-top-ten\/#breadcrumb"},"inLanguage":"cs","potentialAction":[{"@type":"ReadAction","target":["https:\/\/ctp.eu\/the-top-ten\/"]}]},{"@type":"BreadcrumbList","@id":"https:\/\/ctp.eu\/the-top-ten\/#breadcrumb","itemListElement":[{"@type":"ListItem","position":1,"name":"Home","item":"https:\/\/ctp.eu\/"},{"@type":"ListItem","position":2,"name":"The Top Ten Parks"}]},{"@type":"WebSite","@id":"https:\/\/ctp.eu\/#website","url":"https:\/\/ctp.eu\/","name":"Developer a mana\u017eer komer\u010dn\u00edch nemovitost\u00ed","description":"CTP - pr\u00e9miov\u00e9 pr\u016fmyslov\u00e9 sklady a kancel\u00e1\u0159sk\u00e9 budovy","publisher":{"@id":"https:\/\/ctp.eu\/#organization"},"potentialAction":[{"@type":"SearchAction","target":{"@type":"EntryPoint","urlTemplate":"https:\/\/ctp.eu\/?s={search_term_string}"},"query-input":{"@type":"PropertyValueSpecification","valueRequired":true,"valueName":"search_term_string"}}],"inLanguage":"cs"},{"@type":"Organization","@id":"https:\/\/ctp.eu\/#organization","name":"CTP","url":"https:\/\/ctp.eu\/","logo":{"@type":"ImageObject","inLanguage":"cs","@id":"https:\/\/ctp.eu\/#\/schema\/logo\/image\/","url":"","contentUrl":"","caption":"CTP"},"image":{"@id":"https:\/\/ctp.eu\/#\/schema\/logo\/image\/"}}]}},"_links":{"self":[{"href":"https:\/\/ctp.eu\/cs\/wp-json\/wp\/v2\/pages\/14801","targetHints":{"allow":["GET"]}}],"collection":[{"href":"https:\/\/ctp.eu\/cs\/wp-json\/wp\/v2\/pages"}],"about":[{"href":"https:\/\/ctp.eu\/cs\/wp-json\/wp\/v2\/types\/page"}],"author":[{"embeddable":true,"href":"https:\/\/ctp.eu\/cs\/wp-json\/wp\/v2\/users\/22"}],"replies":[{"embeddable":true,"href":"https:\/\/ctp.eu\/cs\/wp-json\/wp\/v2\/comments?post=14801"}],"version-history":[{"count":30,"href":"https:\/\/ctp.eu\/cs\/wp-json\/wp\/v2\/pages\/14801\/revisions"}],"predecessor-version":[{"id":112551,"href":"https:\/\/ctp.eu\/cs\/wp-json\/wp\/v2\/pages\/14801\/revisions\/112551"}],"wp:attachment":[{"href":"https:\/\/ctp.eu\/cs\/wp-json\/wp\/v2\/media?parent=14801"}],"curies":[{"name":"wp","href":"https:\/\/api.w.org\/{rel}","templated":true}]}}