{"id":13639,"date":"2021-03-03T13:58:12","date_gmt":"2021-03-03T11:58:12","guid":{"rendered":"https:\/\/www.ctp.eu\/?page_id=13639"},"modified":"2026-04-02T18:23:17","modified_gmt":"2026-04-02T16:23:17","slug":"governance","status":"publish","type":"page","link":"https:\/\/ctp.eu\/cs\/investors\/governance\/","title":{"rendered":"Spr\u00e1va"},"content":{"rendered":"<p><span>B\u00fdt dlouhodob\u00fdm partnerem pro na\u0161e klienty a dal\u0161\u00ed zainteresovan\u00e9 strany je sou\u010d\u00e1st\u00ed na\u0161eho \u00e9tosu a obchodn\u00ed strategie od sam\u00e9ho po\u010d\u00e1tku. Transparentnost, jasn\u00e1 komunikace a etick\u00e9 jedn\u00e1n\u00ed s klienty a dodavateli jsou z\u00e1kladem pro budov\u00e1n\u00ed pevn\u00fdch a d\u016fv\u011bryhodn\u00fdch vztah\u016f - z\u00e1kladem dlouhodob\u00e9ho \u00fasp\u011bchu. <\/span><\/p>\n<p>Klademe d\u016fraz na efektivn\u00ed postupy \u0159\u00edzen\u00ed spole\u010dnosti a d\u016fsledn\u011b pracujeme na budov\u00e1n\u00ed etick\u00e9ho pracovn\u00edho prost\u0159ed\u00ed na v\u0161ech \u00farovn\u00edch na\u0161\u00ed organizace. T\u00f3n tohoto p\u0159\u00edstupu je ud\u00e1v\u00e1n na nejvy\u0161\u0161\u00edch m\u00edstech a jako zam\u011bstnavatel podporujeme kulturu, v n\u00ed\u017e je podporov\u00e1no mluvit nahlas. V\u0161ichni zam\u011bstnanci jsou pro\u0161koleni ohledn\u011b na\u0161eho kodexu chov\u00e1n\u00ed a m\u00e1me k dispozici n\u011bkolik kan\u00e1l\u016f, kter\u00fdmi se mohou zam\u011bstnanci p\u0159ihl\u00e1sit, pokud maj\u00ed podez\u0159en\u00ed na nespr\u00e1vn\u00e9 jedn\u00e1n\u00ed, v\u010detn\u011b anonymn\u00edho programu pro oznamovatele. Abychom zajistili integritu hodnotov\u00e9ho \u0159et\u011bzce, prov\u00e1d\u00edme hloubkovou kontrolu v\u0161ech dodavatel\u016f a vy\u017eadujeme, aby dodr\u017eovali n\u00e1\u0161 Kodex chov\u00e1n\u00ed dodavatele.<\/p>","protected":false},"excerpt":{"rendered":"<p>B\u00fdt dlouhodob\u00fdm partnerem pro na\u0161e klienty a dal\u0161\u00ed zainteresovan\u00e9 strany je sou\u010d\u00e1st\u00ed na\u0161eho \u00e9tosu a obchodn\u00ed strategie ji\u017e od doby.<\/p>","protected":false},"author":22,"featured_media":0,"parent":9830,"menu_order":6,"comment_status":"closed","ping_status":"closed","template":"templates\/governance.php","meta":{"_acf_changed":false,"footnotes":""},"class_list":["post-13639","page","type-page","status-publish","hentry"],"acf":[],"yoast_head":"<title>Governance - Commercial Real Estate Developer And Manager<\/title>\n<meta name=\"robots\" content=\"index, follow, max-snippet:-1, max-image-preview:large, max-video-preview:-1\" \/>\n<link rel=\"canonical\" href=\"https:\/\/ctp.eu\/cs\/investors\/governance\/\" \/>\n<meta property=\"og:locale\" content=\"cs_CZ\" \/>\n<meta property=\"og:type\" content=\"article\" \/>\n<meta property=\"og:title\" content=\"Governance\" \/>\n<meta property=\"og:description\" content=\"Being a long-term partner to our clients and other stakeholders has been part of our ethos and business strategy since\" \/>\n<meta property=\"og:url\" content=\"https:\/\/ctp.eu\/cs\/investors\/governance\/\" \/>\n<meta property=\"og:site_name\" content=\"Commercial Real Estate Developer And Manager\" \/>\n<meta property=\"article:modified_time\" content=\"2026-04-02T16:23:17+00:00\" \/>\n<meta name=\"twitter:card\" content=\"summary_large_image\" \/>\n<meta name=\"twitter:label1\" content=\"Odhadovan\u00e1 doba \u010dten\u00ed\" \/>\n\t<meta name=\"twitter:data1\" content=\"1 minuta\" \/>\n<script type=\"application\/ld+json\" class=\"yoast-schema-graph\">{\"@context\":\"https:\\\/\\\/schema.org\",\"@graph\":[{\"@type\":\"WebPage\",\"@id\":\"https:\\\/\\\/ctp.eu\\\/investors\\\/governance\\\/\",\"url\":\"https:\\\/\\\/ctp.eu\\\/investors\\\/governance\\\/\",\"name\":\"Governance - Commercial Real Estate Developer And Manager\",\"isPartOf\":{\"@id\":\"https:\\\/\\\/ctp.eu\\\/#website\"},\"datePublished\":\"2021-03-03T11:58:12+00:00\",\"dateModified\":\"2026-04-02T16:23:17+00:00\",\"breadcrumb\":{\"@id\":\"https:\\\/\\\/ctp.eu\\\/investors\\\/governance\\\/#breadcrumb\"},\"inLanguage\":\"cs\",\"potentialAction\":[{\"@type\":\"ReadAction\",\"target\":[\"https:\\\/\\\/ctp.eu\\\/investors\\\/governance\\\/\"]}]},{\"@type\":\"BreadcrumbList\",\"@id\":\"https:\\\/\\\/ctp.eu\\\/investors\\\/governance\\\/#breadcrumb\",\"itemListElement\":[{\"@type\":\"ListItem\",\"position\":1,\"name\":\"Home\",\"item\":\"https:\\\/\\\/ctp.eu\\\/\"},{\"@type\":\"ListItem\",\"position\":2,\"name\":\"Long-Term Investment Partnership\",\"item\":\"https:\\\/\\\/ctp.eu\\\/investors\\\/\"},{\"@type\":\"ListItem\",\"position\":3,\"name\":\"Governance\"}]},{\"@type\":\"WebSite\",\"@id\":\"https:\\\/\\\/ctp.eu\\\/#website\",\"url\":\"https:\\\/\\\/ctp.eu\\\/\",\"name\":\"Commercial Real Estate Developer And Manager\",\"description\":\"CTP - premium industrial warehouse and office buildings\",\"publisher\":{\"@id\":\"https:\\\/\\\/ctp.eu\\\/#organization\"},\"potentialAction\":[{\"@type\":\"SearchAction\",\"target\":{\"@type\":\"EntryPoint\",\"urlTemplate\":\"https:\\\/\\\/ctp.eu\\\/?s={search_term_string}\"},\"query-input\":{\"@type\":\"PropertyValueSpecification\",\"valueRequired\":true,\"valueName\":\"search_term_string\"}}],\"inLanguage\":\"cs\"},{\"@type\":\"Organization\",\"@id\":\"https:\\\/\\\/ctp.eu\\\/#organization\",\"name\":\"CTP\",\"url\":\"https:\\\/\\\/ctp.eu\\\/\",\"logo\":{\"@type\":\"ImageObject\",\"inLanguage\":\"cs\",\"@id\":\"https:\\\/\\\/ctp.eu\\\/#\\\/schema\\\/logo\\\/image\\\/\",\"url\":\"\",\"contentUrl\":\"\",\"caption\":\"CTP\"},\"image\":{\"@id\":\"https:\\\/\\\/ctp.eu\\\/#\\\/schema\\\/logo\\\/image\\\/\"}}]}<\/script>","yoast_head_json":{"title":"\u0158\u00edzen\u00ed - developer a mana\u017eer komer\u010dn\u00edch nemovitost\u00ed","robots":{"index":"index","follow":"follow","max-snippet":"max-snippet:-1","max-image-preview":"max-image-preview:large","max-video-preview":"max-video-preview:-1"},"canonical":"https:\/\/ctp.eu\/cs\/investors\/governance\/","og_locale":"cs_CZ","og_type":"article","og_title":"Governance","og_description":"Being a long-term partner to our clients and other stakeholders has been part of our ethos and business strategy since","og_url":"https:\/\/ctp.eu\/cs\/investors\/governance\/","og_site_name":"Commercial Real Estate Developer And Manager","article_modified_time":"2026-04-02T16:23:17+00:00","twitter_card":"summary_large_image","twitter_misc":{"Odhadovan\u00e1 doba \u010dten\u00ed":"1 minuta"},"schema":{"@context":"https:\/\/schema.org","@graph":[{"@type":"WebPage","@id":"https:\/\/ctp.eu\/investors\/governance\/","url":"https:\/\/ctp.eu\/investors\/governance\/","name":"\u0158\u00edzen\u00ed - developer a mana\u017eer komer\u010dn\u00edch nemovitost\u00ed","isPartOf":{"@id":"https:\/\/ctp.eu\/#website"},"datePublished":"2021-03-03T11:58:12+00:00","dateModified":"2026-04-02T16:23:17+00:00","breadcrumb":{"@id":"https:\/\/ctp.eu\/investors\/governance\/#breadcrumb"},"inLanguage":"cs","potentialAction":[{"@type":"ReadAction","target":["https:\/\/ctp.eu\/investors\/governance\/"]}]},{"@type":"BreadcrumbList","@id":"https:\/\/ctp.eu\/investors\/governance\/#breadcrumb","itemListElement":[{"@type":"ListItem","position":1,"name":"Home","item":"https:\/\/ctp.eu\/"},{"@type":"ListItem","position":2,"name":"Long-Term Investment Partnership","item":"https:\/\/ctp.eu\/investors\/"},{"@type":"ListItem","position":3,"name":"Governance"}]},{"@type":"WebSite","@id":"https:\/\/ctp.eu\/#website","url":"https:\/\/ctp.eu\/","name":"Developer a mana\u017eer komer\u010dn\u00edch nemovitost\u00ed","description":"CTP - pr\u00e9miov\u00e9 pr\u016fmyslov\u00e9 sklady a kancel\u00e1\u0159sk\u00e9 budovy","publisher":{"@id":"https:\/\/ctp.eu\/#organization"},"potentialAction":[{"@type":"SearchAction","target":{"@type":"EntryPoint","urlTemplate":"https:\/\/ctp.eu\/?s={search_term_string}"},"query-input":{"@type":"PropertyValueSpecification","valueRequired":true,"valueName":"search_term_string"}}],"inLanguage":"cs"},{"@type":"Organization","@id":"https:\/\/ctp.eu\/#organization","name":"CTP","url":"https:\/\/ctp.eu\/","logo":{"@type":"ImageObject","inLanguage":"cs","@id":"https:\/\/ctp.eu\/#\/schema\/logo\/image\/","url":"","contentUrl":"","caption":"CTP"},"image":{"@id":"https:\/\/ctp.eu\/#\/schema\/logo\/image\/"}}]}},"_links":{"self":[{"href":"https:\/\/ctp.eu\/cs\/wp-json\/wp\/v2\/pages\/13639","targetHints":{"allow":["GET"]}}],"collection":[{"href":"https:\/\/ctp.eu\/cs\/wp-json\/wp\/v2\/pages"}],"about":[{"href":"https:\/\/ctp.eu\/cs\/wp-json\/wp\/v2\/types\/page"}],"author":[{"embeddable":true,"href":"https:\/\/ctp.eu\/cs\/wp-json\/wp\/v2\/users\/22"}],"replies":[{"embeddable":true,"href":"https:\/\/ctp.eu\/cs\/wp-json\/wp\/v2\/comments?post=13639"}],"version-history":[{"count":74,"href":"https:\/\/ctp.eu\/cs\/wp-json\/wp\/v2\/pages\/13639\/revisions"}],"predecessor-version":[{"id":115142,"href":"https:\/\/ctp.eu\/cs\/wp-json\/wp\/v2\/pages\/13639\/revisions\/115142"}],"up":[{"embeddable":true,"href":"https:\/\/ctp.eu\/cs\/wp-json\/wp\/v2\/pages\/9830"}],"wp:attachment":[{"href":"https:\/\/ctp.eu\/cs\/wp-json\/wp\/v2\/media?parent=13639"}],"curies":[{"name":"wp","href":"https:\/\/api.w.org\/{rel}","templated":true}]}}