{"id":106201,"date":"2025-04-08T18:36:33","date_gmt":"2025-04-08T16:36:33","guid":{"rendered":"https:\/\/ctp.eu\/?page_id=106201"},"modified":"2025-04-08T18:53:10","modified_gmt":"2025-04-08T16:53:10","slug":"sharpening-esg-strategies-in-real-estate-and-manufacturing-with-ai","status":"publish","type":"page","link":"https:\/\/ctp.eu\/cs\/company\/grid\/sharpening-esg-strategies-in-real-estate-and-manufacturing-with-ai\/","title":{"rendered":"Ost\u0159en\u00ed ESG strategi\u00ed v oblasti nemovitost\u00ed a v\u00fdroby pomoc\u00ed AI"},"content":{"rendered":"","protected":false},"excerpt":{"rendered":"","protected":false},"author":22,"featured_media":0,"parent":92785,"menu_order":0,"comment_status":"closed","ping_status":"closed","template":"grid-article.php","meta":{"_acf_changed":false,"footnotes":""},"class_list":["post-106201","page","type-page","status-publish","hentry"],"acf":[],"yoast_head":"<title>Sharpening ESG Strategies in \u2028Real Estate and Manufacturing with AI - Commercial Real Estate Developer And Manager<\/title>\n<meta name=\"robots\" content=\"index, follow, max-snippet:-1, max-image-preview:large, max-video-preview:-1\" \/>\n<link rel=\"canonical\" href=\"https:\/\/ctp.eu\/cs\/company\/grid\/sharpening-esg-strategies-in-real-estate-and-manufacturing-with-ai\/\" \/>\n<meta property=\"og:locale\" content=\"cs_CZ\" \/>\n<meta property=\"og:type\" content=\"article\" \/>\n<meta property=\"og:title\" content=\"Sharpening ESG Strategies in \u2028Real Estate and Manufacturing with AI\" \/>\n<meta property=\"og:url\" content=\"https:\/\/ctp.eu\/cs\/company\/grid\/sharpening-esg-strategies-in-real-estate-and-manufacturing-with-ai\/\" \/>\n<meta property=\"og:site_name\" content=\"Commercial Real Estate Developer And Manager\" \/>\n<meta property=\"article:modified_time\" content=\"2025-04-08T16:53:10+00:00\" \/>\n<meta name=\"twitter:card\" content=\"summary_large_image\" \/>\n<script type=\"application\/ld+json\" class=\"yoast-schema-graph\">{\"@context\":\"https:\/\/schema.org\",\"@graph\":[{\"@type\":\"WebPage\",\"@id\":\"https:\/\/ctp.eu\/company\/grid\/sharpening-esg-strategies-in-real-estate-and-manufacturing-with-ai\/\",\"url\":\"https:\/\/ctp.eu\/company\/grid\/sharpening-esg-strategies-in-real-estate-and-manufacturing-with-ai\/\",\"name\":\"Sharpening ESG Strategies in \\u2028Real Estate and Manufacturing with AI - Commercial Real Estate Developer And Manager\",\"isPartOf\":{\"@id\":\"https:\/\/ctp.eu\/#website\"},\"datePublished\":\"2025-04-08T16:36:33+00:00\",\"dateModified\":\"2025-04-08T16:53:10+00:00\",\"breadcrumb\":{\"@id\":\"https:\/\/ctp.eu\/company\/grid\/sharpening-esg-strategies-in-real-estate-and-manufacturing-with-ai\/#breadcrumb\"},\"inLanguage\":\"cs\",\"potentialAction\":[{\"@type\":\"ReadAction\",\"target\":[\"https:\/\/ctp.eu\/company\/grid\/sharpening-esg-strategies-in-real-estate-and-manufacturing-with-ai\/\"]}]},{\"@type\":\"BreadcrumbList\",\"@id\":\"https:\/\/ctp.eu\/company\/grid\/sharpening-esg-strategies-in-real-estate-and-manufacturing-with-ai\/#breadcrumb\",\"itemListElement\":[{\"@type\":\"ListItem\",\"position\":1,\"name\":\"Home\",\"item\":\"https:\/\/ctp.eu\/\"},{\"@type\":\"ListItem\",\"position\":2,\"name\":\"Company\",\"item\":\"https:\/\/ctp.eu\/?page_id=62\"},{\"@type\":\"ListItem\",\"position\":3,\"name\":\"Grid\",\"item\":\"https:\/\/ctp.eu\/company\/grid\/\"},{\"@type\":\"ListItem\",\"position\":4,\"name\":\"Sharpening ESG Strategies in \\u2028Real Estate and Manufacturing with AI\"}]},{\"@type\":\"WebSite\",\"@id\":\"https:\/\/ctp.eu\/#website\",\"url\":\"https:\/\/ctp.eu\/\",\"name\":\"Commercial Real Estate Developer And Manager\",\"description\":\"CTP - premium industrial warehouse and office buildings\",\"publisher\":{\"@id\":\"https:\/\/ctp.eu\/#organization\"},\"potentialAction\":[{\"@type\":\"SearchAction\",\"target\":{\"@type\":\"EntryPoint\",\"urlTemplate\":\"https:\/\/ctp.eu\/?s={search_term_string}\"},\"query-input\":{\"@type\":\"PropertyValueSpecification\",\"valueRequired\":true,\"valueName\":\"search_term_string\"}}],\"inLanguage\":\"cs\"},{\"@type\":\"Organization\",\"@id\":\"https:\/\/ctp.eu\/#organization\",\"name\":\"CTP\",\"url\":\"https:\/\/ctp.eu\/\",\"logo\":{\"@type\":\"ImageObject\",\"inLanguage\":\"cs\",\"@id\":\"https:\/\/ctp.eu\/#\/schema\/logo\/image\/\",\"url\":\"\",\"contentUrl\":\"\",\"caption\":\"CTP\"},\"image\":{\"@id\":\"https:\/\/ctp.eu\/#\/schema\/logo\/image\/\"}}]}<\/script>","yoast_head_json":{"title":"Ost\u0159en\u00ed ESG strategi\u00ed v oblasti realit a v\u00fdroby s AI \u2013 Developer a mana\u017eer komer\u010dn\u00edch nemovitost\u00ed","robots":{"index":"index","follow":"follow","max-snippet":"max-snippet:-1","max-image-preview":"max-image-preview:large","max-video-preview":"max-video-preview:-1"},"canonical":"https:\/\/ctp.eu\/cs\/company\/grid\/sharpening-esg-strategies-in-real-estate-and-manufacturing-with-ai\/","og_locale":"cs_CZ","og_type":"article","og_title":"Sharpening ESG Strategies in \u2028Real Estate and Manufacturing with AI","og_url":"https:\/\/ctp.eu\/cs\/company\/grid\/sharpening-esg-strategies-in-real-estate-and-manufacturing-with-ai\/","og_site_name":"Commercial Real Estate Developer And Manager","article_modified_time":"2025-04-08T16:53:10+00:00","twitter_card":"summary_large_image","schema":{"@context":"https:\/\/schema.org","@graph":[{"@type":"WebPage","@id":"https:\/\/ctp.eu\/company\/grid\/sharpening-esg-strategies-in-real-estate-and-manufacturing-with-ai\/","url":"https:\/\/ctp.eu\/company\/grid\/sharpening-esg-strategies-in-real-estate-and-manufacturing-with-ai\/","name":"Ost\u0159en\u00ed ESG strategi\u00ed v oblasti realit a v\u00fdroby s AI \u2013 Developer a mana\u017eer komer\u010dn\u00edch nemovitost\u00ed","isPartOf":{"@id":"https:\/\/ctp.eu\/#website"},"datePublished":"2025-04-08T16:36:33+00:00","dateModified":"2025-04-08T16:53:10+00:00","breadcrumb":{"@id":"https:\/\/ctp.eu\/company\/grid\/sharpening-esg-strategies-in-real-estate-and-manufacturing-with-ai\/#breadcrumb"},"inLanguage":"cs","potentialAction":[{"@type":"ReadAction","target":["https:\/\/ctp.eu\/company\/grid\/sharpening-esg-strategies-in-real-estate-and-manufacturing-with-ai\/"]}]},{"@type":"BreadcrumbList","@id":"https:\/\/ctp.eu\/company\/grid\/sharpening-esg-strategies-in-real-estate-and-manufacturing-with-ai\/#breadcrumb","itemListElement":[{"@type":"ListItem","position":1,"name":"Home","item":"https:\/\/ctp.eu\/"},{"@type":"ListItem","position":2,"name":"Company","item":"https:\/\/ctp.eu\/?page_id=62"},{"@type":"ListItem","position":3,"name":"Grid","item":"https:\/\/ctp.eu\/company\/grid\/"},{"@type":"ListItem","position":4,"name":"Sharpening ESG Strategies in \u2028Real Estate and Manufacturing with AI"}]},{"@type":"WebSite","@id":"https:\/\/ctp.eu\/#website","url":"https:\/\/ctp.eu\/","name":"Developer a mana\u017eer komer\u010dn\u00edch nemovitost\u00ed","description":"CTP - pr\u00e9miov\u00e9 pr\u016fmyslov\u00e9 sklady a kancel\u00e1\u0159sk\u00e9 budovy","publisher":{"@id":"https:\/\/ctp.eu\/#organization"},"potentialAction":[{"@type":"SearchAction","target":{"@type":"EntryPoint","urlTemplate":"https:\/\/ctp.eu\/?s={search_term_string}"},"query-input":{"@type":"PropertyValueSpecification","valueRequired":true,"valueName":"search_term_string"}}],"inLanguage":"cs"},{"@type":"Organization","@id":"https:\/\/ctp.eu\/#organization","name":"CTP","url":"https:\/\/ctp.eu\/","logo":{"@type":"ImageObject","inLanguage":"cs","@id":"https:\/\/ctp.eu\/#\/schema\/logo\/image\/","url":"","contentUrl":"","caption":"CTP"},"image":{"@id":"https:\/\/ctp.eu\/#\/schema\/logo\/image\/"}}]}},"_links":{"self":[{"href":"https:\/\/ctp.eu\/cs\/wp-json\/wp\/v2\/pages\/106201","targetHints":{"allow":["GET"]}}],"collection":[{"href":"https:\/\/ctp.eu\/cs\/wp-json\/wp\/v2\/pages"}],"about":[{"href":"https:\/\/ctp.eu\/cs\/wp-json\/wp\/v2\/types\/page"}],"author":[{"embeddable":true,"href":"https:\/\/ctp.eu\/cs\/wp-json\/wp\/v2\/users\/22"}],"replies":[{"embeddable":true,"href":"https:\/\/ctp.eu\/cs\/wp-json\/wp\/v2\/comments?post=106201"}],"version-history":[{"count":13,"href":"https:\/\/ctp.eu\/cs\/wp-json\/wp\/v2\/pages\/106201\/revisions"}],"predecessor-version":[{"id":106218,"href":"https:\/\/ctp.eu\/cs\/wp-json\/wp\/v2\/pages\/106201\/revisions\/106218"}],"up":[{"embeddable":true,"href":"https:\/\/ctp.eu\/cs\/wp-json\/wp\/v2\/pages\/92785"}],"wp:attachment":[{"href":"https:\/\/ctp.eu\/cs\/wp-json\/wp\/v2\/media?parent=106201"}],"curies":[{"name":"wp","href":"https:\/\/api.w.org\/{rel}","templated":true}]}}