{"id":100821,"date":"2024-12-02T16:18:57","date_gmt":"2024-12-02T14:18:57","guid":{"rendered":"https:\/\/ctp.eu\/?page_id=100821"},"modified":"2026-01-14T17:20:50","modified_gmt":"2026-01-14T16:20:50","slug":"ctp-group-companies","status":"publish","type":"page","link":"https:\/\/ctp.eu\/cs\/ctp-policies\/ctp-group-companies\/","title":{"rendered":"Spole\u010dnosti skupiny CTP"},"content":{"rendered":"<div class=\"policy\">\n<p>&nbsp;<\/p>\n<h2>Spole\u010dnosti skupiny CTP<\/h2>\n<p>&nbsp;<\/p>\n<table width=\"100\" style=\"width:100%\">\n<tbody>\n<tr>\n<td width=\"268\">Spole\u010dnost<\/td>\n<td width=\"629\">Adresa<\/td>\n<\/tr>\n<tr>\n<td width=\"268\">CTP Invest BV<\/td>\n<td>Apollolaan 151, 1077 AR Amsterdam<\/td>\n<\/tr>\n<tr>\n<td width=\"268\">CTP Invest Bucharest SRL<\/td>\n<td>Vesnice Dragomiresti-Deal, obec Dragomiresti Vale, ul. Gabriela 1, budova B, p\u0159\u00edzem\u00ed, okres llfov<\/td>\n<\/tr>\n<tr>\n<td width=\"268\">CTP Invest doo Beograd \u2013 Novi Beograd<\/td>\n<td>Megarska 9, 11070 B\u011blehrad<\/td>\n<\/tr>\n<tr>\n<td width=\"268\">CTP Invest EOOD<\/td>\n<td>247 Botevgradsko Shose Blvd., Administrativn\u00ed budova, fl.7, Sofie<\/td>\n<\/tr>\n<tr>\n<td width=\"268\">CTP Invest Germany GmbH<\/td>\n<td width=\"629\">Lietzenburger Str. 75, 10719 Berl\u00edn<\/td>\n<\/tr>\n<tr>\n<td width=\"268\">CTP Invest Hong Kong Ltd<\/td>\n<td width=\"629\">Jednotka B, 17\/F., United Centre, 95 Queensway, Admiralita, Hong Kong<\/td>\n<\/tr>\n<tr>\n<td width=\"268\">CTP Invest Immobilien GmbH<\/td>\n<td width=\"629\">Mariahilfer Stra\u00dfe 17\/4, 1060 V\u00edde\u0148<\/td>\n<\/tr>\n<tr>\n<td width=\"268\">Spole\u010dnost CTP Invest Ltd<\/td>\n<td>4th Floor, 115 George Street, Edinburgh, Spojen\u00e9 kr\u00e1lovstv\u00ed, EH2 4JN<\/td>\n<\/tr>\n<tr>\n<td width=\"268\">CTP Invest Poland sp. zoo<\/td>\n<td>Chmielna 69, 00-801 Var\u0161ava, Polsko<\/td>\n<\/tr>\n<tr>\n<td width=\"268\">CTP Invest SK, spol. s ro<\/td>\n<td>Laurinsk\u00e1 18 811 01 Bratislava-Star\u00e9 Mesto<\/td>\n<\/tr>\n<tr>\n<td width=\"268\">CTP Invest, spol. s r.o.<\/td>\n<td width=\"629\">CTPark Humpolec 1571, 396 01 Humpolec<\/td>\n<\/tr>\n<tr>\n<td width=\"268\">CTP Management Hungary Kft.<\/td>\n<td>2051 Biatorb\u00e1gy, Vereb\u00e9ly L\u00e1szl\u00f3 utca 2<\/td>\n<\/tr>\n<tr>\n<td width=\"268\">CTP N.V.<\/td>\n<td>Apollolaan 151, 1077 AR Amsterdam<\/td>\n<\/tr>\n<\/tbody>\n<\/table>\n<p>&nbsp;<\/p>\n<\/div>","protected":false},"excerpt":{"rendered":"<p>&nbsp; Spole\u010dnosti skupiny CTP Adresa spole\u010dnosti CTP Invest BV Apollolaan 151, 1077 AR Amsterdam CTP Invest Bucharest SRL Dragomiresti-Deal<\/p>","protected":false},"author":22,"featured_media":0,"parent":6125,"menu_order":0,"comment_status":"closed","ping_status":"closed","template":"","meta":{"_acf_changed":false,"footnotes":""},"class_list":["post-100821","page","type-page","status-publish","hentry"],"acf":[],"yoast_head":"<title>CTP Group Companies - Commercial Real Estate Developer And Manager<\/title>\n<meta name=\"robots\" content=\"index, follow, max-snippet:-1, max-image-preview:large, max-video-preview:-1\" \/>\n<link rel=\"canonical\" href=\"https:\/\/ctp.eu\/cs\/ctp-policies\/ctp-group-companies\/\" \/>\n<meta property=\"og:locale\" content=\"cs_CZ\" \/>\n<meta property=\"og:type\" content=\"article\" \/>\n<meta property=\"og:title\" content=\"CTP Group Companies\" \/>\n<meta property=\"og:description\" content=\"&nbsp; CTP Group Companies &nbsp; Company Address CTP Invest B.V. Apollolaan 151, 1077 AR Amsterdam CTP Invest Bucharest S.R.L. Dragomiresti-Deal\" \/>\n<meta property=\"og:url\" content=\"https:\/\/ctp.eu\/cs\/ctp-policies\/ctp-group-companies\/\" \/>\n<meta property=\"og:site_name\" content=\"Commercial Real Estate Developer And Manager\" \/>\n<meta property=\"article:modified_time\" content=\"2026-01-14T16:20:50+00:00\" \/>\n<meta name=\"twitter:card\" content=\"summary_large_image\" \/>\n<meta name=\"twitter:label1\" content=\"Odhadovan\u00e1 doba \u010dten\u00ed\" \/>\n\t<meta name=\"twitter:data1\" content=\"1 minuta\" \/>\n<script type=\"application\/ld+json\" class=\"yoast-schema-graph\">{\"@context\":\"https:\/\/schema.org\",\"@graph\":[{\"@type\":\"WebPage\",\"@id\":\"https:\/\/ctp.eu\/ctp-policies\/ctp-group-companies\/\",\"url\":\"https:\/\/ctp.eu\/ctp-policies\/ctp-group-companies\/\",\"name\":\"CTP Group Companies - Commercial Real Estate Developer And Manager\",\"isPartOf\":{\"@id\":\"https:\/\/ctp.eu\/#website\"},\"datePublished\":\"2024-12-02T14:18:57+00:00\",\"dateModified\":\"2026-01-14T16:20:50+00:00\",\"breadcrumb\":{\"@id\":\"https:\/\/ctp.eu\/ctp-policies\/ctp-group-companies\/#breadcrumb\"},\"inLanguage\":\"cs\",\"potentialAction\":[{\"@type\":\"ReadAction\",\"target\":[\"https:\/\/ctp.eu\/ctp-policies\/ctp-group-companies\/\"]}]},{\"@type\":\"BreadcrumbList\",\"@id\":\"https:\/\/ctp.eu\/ctp-policies\/ctp-group-companies\/#breadcrumb\",\"itemListElement\":[{\"@type\":\"ListItem\",\"position\":1,\"name\":\"Home\",\"item\":\"https:\/\/ctp.eu\/\"},{\"@type\":\"ListItem\",\"position\":2,\"name\":\"CTP Policies\",\"item\":\"https:\/\/ctp.eu\/ctp-policies\/\"},{\"@type\":\"ListItem\",\"position\":3,\"name\":\"CTP Group Companies\"}]},{\"@type\":\"WebSite\",\"@id\":\"https:\/\/ctp.eu\/#website\",\"url\":\"https:\/\/ctp.eu\/\",\"name\":\"Commercial Real Estate Developer And Manager\",\"description\":\"CTP - premium industrial warehouse and office buildings\",\"publisher\":{\"@id\":\"https:\/\/ctp.eu\/#organization\"},\"potentialAction\":[{\"@type\":\"SearchAction\",\"target\":{\"@type\":\"EntryPoint\",\"urlTemplate\":\"https:\/\/ctp.eu\/?s={search_term_string}\"},\"query-input\":{\"@type\":\"PropertyValueSpecification\",\"valueRequired\":true,\"valueName\":\"search_term_string\"}}],\"inLanguage\":\"cs\"},{\"@type\":\"Organization\",\"@id\":\"https:\/\/ctp.eu\/#organization\",\"name\":\"CTP\",\"url\":\"https:\/\/ctp.eu\/\",\"logo\":{\"@type\":\"ImageObject\",\"inLanguage\":\"cs\",\"@id\":\"https:\/\/ctp.eu\/#\/schema\/logo\/image\/\",\"url\":\"\",\"contentUrl\":\"\",\"caption\":\"CTP\"},\"image\":{\"@id\":\"https:\/\/ctp.eu\/#\/schema\/logo\/image\/\"}}]}<\/script>","yoast_head_json":{"title":"Spole\u010dnosti skupiny CTP - Developer a mana\u017eer komer\u010dn\u00edch nemovitost\u00ed","robots":{"index":"index","follow":"follow","max-snippet":"max-snippet:-1","max-image-preview":"max-image-preview:large","max-video-preview":"max-video-preview:-1"},"canonical":"https:\/\/ctp.eu\/cs\/ctp-policies\/ctp-group-companies\/","og_locale":"cs_CZ","og_type":"article","og_title":"CTP Group Companies","og_description":"&nbsp; CTP Group Companies &nbsp; Company Address CTP Invest B.V. Apollolaan 151, 1077 AR Amsterdam CTP Invest Bucharest S.R.L. Dragomiresti-Deal","og_url":"https:\/\/ctp.eu\/cs\/ctp-policies\/ctp-group-companies\/","og_site_name":"Commercial Real Estate Developer And Manager","article_modified_time":"2026-01-14T16:20:50+00:00","twitter_card":"summary_large_image","twitter_misc":{"Odhadovan\u00e1 doba \u010dten\u00ed":"1 minuta"},"schema":{"@context":"https:\/\/schema.org","@graph":[{"@type":"WebPage","@id":"https:\/\/ctp.eu\/ctp-policies\/ctp-group-companies\/","url":"https:\/\/ctp.eu\/ctp-policies\/ctp-group-companies\/","name":"Spole\u010dnosti skupiny CTP - Developer a mana\u017eer komer\u010dn\u00edch nemovitost\u00ed","isPartOf":{"@id":"https:\/\/ctp.eu\/#website"},"datePublished":"2024-12-02T14:18:57+00:00","dateModified":"2026-01-14T16:20:50+00:00","breadcrumb":{"@id":"https:\/\/ctp.eu\/ctp-policies\/ctp-group-companies\/#breadcrumb"},"inLanguage":"cs","potentialAction":[{"@type":"ReadAction","target":["https:\/\/ctp.eu\/ctp-policies\/ctp-group-companies\/"]}]},{"@type":"BreadcrumbList","@id":"https:\/\/ctp.eu\/ctp-policies\/ctp-group-companies\/#breadcrumb","itemListElement":[{"@type":"ListItem","position":1,"name":"Home","item":"https:\/\/ctp.eu\/"},{"@type":"ListItem","position":2,"name":"CTP Policies","item":"https:\/\/ctp.eu\/ctp-policies\/"},{"@type":"ListItem","position":3,"name":"CTP Group Companies"}]},{"@type":"WebSite","@id":"https:\/\/ctp.eu\/#website","url":"https:\/\/ctp.eu\/","name":"Developer a mana\u017eer komer\u010dn\u00edch nemovitost\u00ed","description":"CTP - pr\u00e9miov\u00e9 pr\u016fmyslov\u00e9 sklady a kancel\u00e1\u0159sk\u00e9 budovy","publisher":{"@id":"https:\/\/ctp.eu\/#organization"},"potentialAction":[{"@type":"SearchAction","target":{"@type":"EntryPoint","urlTemplate":"https:\/\/ctp.eu\/?s={search_term_string}"},"query-input":{"@type":"PropertyValueSpecification","valueRequired":true,"valueName":"search_term_string"}}],"inLanguage":"cs"},{"@type":"Organization","@id":"https:\/\/ctp.eu\/#organization","name":"CTP","url":"https:\/\/ctp.eu\/","logo":{"@type":"ImageObject","inLanguage":"cs","@id":"https:\/\/ctp.eu\/#\/schema\/logo\/image\/","url":"","contentUrl":"","caption":"CTP"},"image":{"@id":"https:\/\/ctp.eu\/#\/schema\/logo\/image\/"}}]}},"_links":{"self":[{"href":"https:\/\/ctp.eu\/cs\/wp-json\/wp\/v2\/pages\/100821","targetHints":{"allow":["GET"]}}],"collection":[{"href":"https:\/\/ctp.eu\/cs\/wp-json\/wp\/v2\/pages"}],"about":[{"href":"https:\/\/ctp.eu\/cs\/wp-json\/wp\/v2\/types\/page"}],"author":[{"embeddable":true,"href":"https:\/\/ctp.eu\/cs\/wp-json\/wp\/v2\/users\/22"}],"replies":[{"embeddable":true,"href":"https:\/\/ctp.eu\/cs\/wp-json\/wp\/v2\/comments?post=100821"}],"version-history":[{"count":2,"href":"https:\/\/ctp.eu\/cs\/wp-json\/wp\/v2\/pages\/100821\/revisions"}],"predecessor-version":[{"id":113693,"href":"https:\/\/ctp.eu\/cs\/wp-json\/wp\/v2\/pages\/100821\/revisions\/113693"}],"up":[{"embeddable":true,"href":"https:\/\/ctp.eu\/cs\/wp-json\/wp\/v2\/pages\/6125"}],"wp:attachment":[{"href":"https:\/\/ctp.eu\/cs\/wp-json\/wp\/v2\/media?parent=100821"}],"curies":[{"name":"wp","href":"https:\/\/api.w.org\/{rel}","templated":true}]}}